{"id":22607,"date":"2023-04-17T18:51:18","date_gmt":"2023-04-17T18:51:18","guid":{"rendered":"https:\/\/panamalegalgroup.com\/blog\/?page_id=22607"},"modified":"2025-10-20T21:39:23","modified_gmt":"2025-10-20T21:39:23","slug":"blog-de-noticias","status":"publish","type":"page","link":"https:\/\/panamalegalgroup.com\/blog\/","title":{"rendered":"Blog Legal"},"content":{"rendered":"\t\t<div data-elementor-type=\"wp-page\" data-elementor-id=\"22607\" class=\"elementor elementor-22607\" data-elementor-post-type=\"page\">\n\t\t\t\t\t\t<section class=\"elementor-section elementor-top-section elementor-element elementor-element-6a03d7d4 elementor-section-boxed elementor-section-height-default elementor-section-height-default wpr-particle-no wpr-jarallax-no wpr-parallax-no wpr-sticky-section-no\" data-id=\"6a03d7d4\" data-element_type=\"section\">\n\t\t\t\t\t\t<div class=\"elementor-container elementor-column-gap-default\">\n\t\t\t\t\t<div class=\"elementor-column elementor-col-100 elementor-top-column elementor-element elementor-element-3849fbda\" data-id=\"3849fbda\" data-element_type=\"column\">\n\t\t\t<div class=\"elementor-widget-wrap elementor-element-populated\">\n\t\t\t\t\t\t<div class=\"elementor-element elementor-element-ab2156c elementor-invisible elementor-widget elementor-widget-search\" data-id=\"ab2156c\" data-element_type=\"widget\" data-settings=\"{&quot;pagination_type_options&quot;:&quot;previous_next&quot;,&quot;_animation&quot;:&quot;fadeInUp&quot;,&quot;submit_trigger&quot;:&quot;click_submit&quot;,&quot;page_limit_settings&quot;:5}\" data-widget_type=\"search.default\">\n\t\t\t\t<div class=\"elementor-widget-container\">\n\t\t\t\t\t\t\t<search class=\"e-search hidden\" role=\"search\">\n\t\t\t<form class=\"e-search-form\" action=\"https:\/\/panamalegalgroup.com\/blog\" method=\"get\">\n\n\t\t\t\t\n\t\t\t\t<label class=\"e-search-label\" for=\"search-ab2156c\">\n\t\t\t\t\t<span class=\"elementor-screen-only\">\n\t\t\t\t\t\tSearch\t\t\t\t\t<\/span>\n\t\t\t\t\t\t\t\t\t<\/label>\n\n\t\t\t\t<div class=\"e-search-input-wrapper\">\n\t\t\t\t\t<input id=\"search-ab2156c\" placeholder=\"Buscar tema \/ Search topic...\" class=\"e-search-input\" type=\"search\" name=\"s\" value=\"\" autocomplete=\"off\" role=\"combobox\" aria-autocomplete=\"list\" aria-expanded=\"false\" aria-controls=\"results-ab2156c\" aria-haspopup=\"listbox\">\n\t\t\t\t\t<i aria-hidden=\"true\" class=\"fas fa-times\"><\/i>\t\t\t\t\t\t\t\t\t\t<output class=\"hide-pagination-numbers e-search-results-container hide-loader\" id=\"results-ab2156c\" aria-live=\"polite\" aria-atomic=\"true\" aria-label=\"Results for search\" tabindex=\"0\">\n\t\t\t\t\t\t<div class=\"e-search-results\"><\/div>\n\t\t\t\t\t\t\t\t\t\t\t<\/output>\n\t\t\t\t\t\t\t\t\t<\/div>\n\t\t\t\t\n\t\t\t\t\n\t\t\t\t<button class=\"e-search-submit  \" type=\"submit\">\n\t\t\t\t\t\n\t\t\t\t\t\t\t\t\t\t<span class=\"\">\n\t\t\t\t\t\tSearch\t\t\t\t\t<\/span>\n\t\t\t\t\t\t\t\t\t<\/button>\n\t\t\t\t<input type=\"hidden\" name=\"e_search_props\" value=\"ab2156c-22607\">\n\t\t\t<\/form>\n\t\t<\/search>\n\t\t\t\t\t\t<\/div>\n\t\t\t\t<\/div>\n\t\t\t\t<div class=\"elementor-element elementor-element-4b1a152 wpr-grid-pagination-center wpr-item-styles-inner elementor-widget elementor-widget-wpr-grid\" data-id=\"4b1a152\" data-element_type=\"widget\" data-widget_type=\"wpr-grid.default\">\n\t\t\t\t<div class=\"elementor-widget-container\">\n\t\t\t\t\t<ul class=\"wpr-grid-filters elementor-clearfix wpr-grid-filters-sep-right\"><li class=\" wpr-pointer-none wpr-pointer-line-fx wpr-pointer-fx-none\"><span  data-filter=\"*\" class=\"wpr-grid-filters-item wpr-active-filter \">Todas las Noticias<\/span><em class=\"wpr-grid-filters-sep\"><\/em><\/li><li class=\" wpr-pointer-none wpr-pointer-line-fx wpr-pointer-fx-none\"><span   data-ajax-filter=[\"category\",\"comercio-y-empresas\"]  data-filter=\".category-comercio-y-empresas\">COMERCIO Y EMPRESAS<\/span><em class=\"wpr-grid-filters-sep\"><\/em><\/li><li class=\" wpr-pointer-none wpr-pointer-line-fx wpr-pointer-fx-none\"><span   data-ajax-filter=[\"category\",\"derecho-de-familia\"]  data-filter=\".category-derecho-de-familia\">Derecho de Familia<\/span><em class=\"wpr-grid-filters-sep\"><\/em><\/li><li class=\" wpr-pointer-none wpr-pointer-line-fx wpr-pointer-fx-none\"><span   data-ajax-filter=[\"category\",\"inmuebles-y-propiedades\"]  data-filter=\".category-inmuebles-y-propiedades\">INMUEBLES Y PROPIEDADES<\/span><em class=\"wpr-grid-filters-sep\"><\/em><\/li><li class=\" wpr-pointer-none wpr-pointer-line-fx wpr-pointer-fx-none\"><span   data-ajax-filter=[\"category\",\"laboral\"]  data-filter=\".category-laboral\">LABORAL<\/span><em class=\"wpr-grid-filters-sep\"><\/em><\/li><li class=\" wpr-pointer-none wpr-pointer-line-fx wpr-pointer-fx-none\"><span   data-ajax-filter=[\"category\",\"migracion\"]  data-filter=\".category-migracion\">MIGRACI\u00d3N<\/span><em class=\"wpr-grid-filters-sep\"><\/em><\/li><li class=\" wpr-pointer-none wpr-pointer-line-fx wpr-pointer-fx-none\"><span   data-ajax-filter=[\"category\",\"tecnologia\"]  data-filter=\".category-tecnologia\">TECNOLOG\u00cdA<\/span><em class=\"wpr-grid-filters-sep\"><\/em><\/li><\/ul><section class=\"wpr-grid elementor-clearfix\" data-settings=\"{&quot;layout&quot;:&quot;fitRows&quot;,&quot;stick_last_element_to_bottom&quot;:&quot;&quot;,&quot;columns_desktop&quot;:3,&quot;gutter_hr&quot;:15,&quot;gutter_hr_mobile&quot;:15,&quot;gutter_hr_mobile_extra&quot;:15,&quot;gutter_hr_tablet&quot;:15,&quot;gutter_hr_tablet_extra&quot;:15,&quot;gutter_hr_laptop&quot;:15,&quot;gutter_hr_widescreen&quot;:15,&quot;gutter_vr&quot;:15,&quot;gutter_vr_mobile&quot;:15,&quot;gutter_vr_mobile_extra&quot;:15,&quot;gutter_vr_tablet&quot;:15,&quot;gutter_vr_tablet_extra&quot;:15,&quot;gutter_vr_laptop&quot;:15,&quot;gutter_vr_widescreen&quot;:15,&quot;animation&quot;:&quot;default&quot;,&quot;animation_duration&quot;:0.3,&quot;animation_delay&quot;:0.1,&quot;deeplinking&quot;:&quot;&quot;,&quot;filters_linkable&quot;:&quot;&quot;,&quot;filters_default_filter&quot;:&quot;&quot;,&quot;filters_count&quot;:&quot;&quot;,&quot;filters_hide_empty&quot;:&quot;no&quot;,&quot;filters_animation&quot;:&quot;default&quot;,&quot;filters_animation_duration&quot;:0.3,&quot;filters_animation_delay&quot;:0.1,&quot;pagination_type&quot;:&quot;load-more&quot;,&quot;pagination_max_pages&quot;:6,&quot;lightbox&quot;:{&quot;selector&quot;:&quot;.wpr-grid-image-wrap&quot;,&quot;iframeMaxWidth&quot;:&quot;60%&quot;,&quot;hash&quot;:false,&quot;autoplay&quot;:&quot;true&quot;,&quot;pause&quot;:5000,&quot;progressBar&quot;:&quot;true&quot;,&quot;counter&quot;:&quot;true&quot;,&quot;controls&quot;:&quot;true&quot;,&quot;getCaptionFromTitleOrAlt&quot;:&quot;true&quot;,&quot;thumbnail&quot;:&quot;&quot;,&quot;showThumbByDefault&quot;:&quot;&quot;,&quot;share&quot;:&quot;&quot;,&quot;zoom&quot;:&quot;true&quot;,&quot;fullScreen&quot;:&quot;true&quot;,&quot;download&quot;:&quot;true&quot;}}\" data-advanced-filters=\"no\"><article class=\"wpr-grid-item elementor-clearfix post-23139 post type-post status-publish format-standard hentry category-comercio-y-empresas\"><div class=\"wpr-grid-item-inner\"><div class=\"wpr-grid-item-below-content elementor-clearfix\"><h2 class=\"wpr-grid-item-title elementor-repeater-item-c5ac0e7 wpr-grid-item-display-block wpr-grid-item-align-left wpr-pointer-none wpr-pointer-line-fx wpr-pointer-fx-fade\"><div class=\"inner-block\"><a target=\"_self\"  href=\"https:\/\/panamalegalgroup.com\/blog\/comercio-y-empresas\/panama-corporation-guide\/\">Panama Corporation Guide<\/a><\/div><\/h2><div class=\"wpr-grid-item-excerpt elementor-repeater-item-0d2b789 wpr-grid-item-display-block wpr-grid-item-align-left\"><div class=\"inner-block\"><p>Panama Corporations (S.A.): Security, Strategy &amp; Global Business Growth Panama Corporations (Sociedades An\u00f3nimas) are one of the most widely used...<\/p><\/div><\/div><div class=\"wpr-grid-item-read-more elementor-repeater-item-04224ec wpr-grid-item-display-block wpr-grid-item-align-left\"><div class=\"inner-block\"><a target=\"_self\" href=\"https:\/\/panamalegalgroup.com\/blog\/comercio-y-empresas\/panama-corporation-guide\/\" class=\"wpr-button-effect wpr-button-none\"><span>Ver M\u00e1s<\/span><\/a><\/div><\/div><\/div><\/div><\/article><article class=\"wpr-grid-item elementor-clearfix post-22902 post type-post status-publish format-standard hentry category-derecho-de-familia category-migracion\"><div class=\"wpr-grid-item-inner\"><div class=\"wpr-grid-item-below-content elementor-clearfix\"><h2 class=\"wpr-grid-item-title elementor-repeater-item-c5ac0e7 wpr-grid-item-display-block wpr-grid-item-align-left wpr-pointer-none wpr-pointer-line-fx wpr-pointer-fx-fade\"><div class=\"inner-block\"><a target=\"_self\"  href=\"https:\/\/panamalegalgroup.com\/blog\/migracion\/documentos-que-necesita-un-menor-para-salir-del-pais\/\">Documentos que necesita un menor para salir del pa\u00eds<\/a><\/div><\/h2><div class=\"wpr-grid-item-excerpt elementor-repeater-item-0d2b789 wpr-grid-item-display-block wpr-grid-item-align-left\"><div class=\"inner-block\"><p>Viajar fuera de Panam\u00e1 con un menor de edad requiere cumplir con una serie de requisitos legales dise\u00f1ados para garantizar...<\/p><\/div><\/div><div class=\"wpr-grid-item-read-more elementor-repeater-item-04224ec wpr-grid-item-display-block wpr-grid-item-align-left\"><div class=\"inner-block\"><a target=\"_self\" href=\"https:\/\/panamalegalgroup.com\/blog\/migracion\/documentos-que-necesita-un-menor-para-salir-del-pais\/\" class=\"wpr-button-effect wpr-button-none\"><span>Ver M\u00e1s<\/span><\/a><\/div><\/div><\/div><\/div><\/article><article class=\"wpr-grid-item elementor-clearfix post-22872 post type-post status-publish format-standard has-post-thumbnail hentry category-derecho-de-familia\"><div class=\"wpr-grid-item-inner\"><div class=\"wpr-grid-media-wrap wpr-effect-size-medium \" data-overlay-link=\"yes\"><div class=\"wpr-grid-image-wrap\" data-src=\"https:\/\/panamalegalgroup.com\/blog\/wp-content\/uploads\/2025\/05\/Salida-de-Menores-en-Panama.jpeg\" data-img-on-hover=\"\"  data-src-secondary=\"\"><img decoding=\"async\" data-no-lazy=\"1\" src=\"https:\/\/panamalegalgroup.com\/blog\/wp-content\/uploads\/2025\/05\/Salida-de-Menores-en-Panama.jpeg\" alt=\"Autorizaci\u00f3n de Salida de Menores en Panam\u00e1\" class=\"wpr-anim-timing-ease-default\"><\/div><div class=\"wpr-grid-media-hover wpr-animation-wrap\"><div class=\"wpr-grid-media-hover-bg  wpr-overlay-fade-in wpr-anim-size-large wpr-anim-timing-ease-default wpr-anim-transparency\" data-url=\"https:\/\/panamalegalgroup.com\/blog\/derecho-de-familia\/autorizacion-salida-menores-panama\/\"><\/div><\/div><\/div><div class=\"wpr-grid-item-below-content elementor-clearfix\"><h2 class=\"wpr-grid-item-title elementor-repeater-item-c5ac0e7 wpr-grid-item-display-block wpr-grid-item-align-left wpr-pointer-none wpr-pointer-line-fx wpr-pointer-fx-fade\"><div class=\"inner-block\"><a target=\"_self\"  href=\"https:\/\/panamalegalgroup.com\/blog\/derecho-de-familia\/autorizacion-salida-menores-panama\/\">Autorizaci\u00f3n de Salida de Menores en Panam\u00e1<\/a><\/div><\/h2><div class=\"wpr-grid-item-excerpt elementor-repeater-item-0d2b789 wpr-grid-item-display-block wpr-grid-item-align-left\"><div class=\"inner-block\"><p>\u00bfNecesitas una autorizaci\u00f3n de salida de menor? Haz tu solicitud hoy mismo EN L\u00cdNEA, te gestionamos el tr\u00e1mite en menos...<\/p><\/div><\/div><div class=\"wpr-grid-item-read-more elementor-repeater-item-04224ec wpr-grid-item-display-block wpr-grid-item-align-left\"><div class=\"inner-block\"><a target=\"_self\" href=\"https:\/\/panamalegalgroup.com\/blog\/derecho-de-familia\/autorizacion-salida-menores-panama\/\" class=\"wpr-button-effect wpr-button-none\"><span>Ver M\u00e1s<\/span><\/a><\/div><\/div><\/div><\/div><\/article><article class=\"wpr-grid-item elementor-clearfix post-185 post type-post status-publish format-standard has-post-thumbnail hentry category-migracion\"><div class=\"wpr-grid-item-inner\"><div class=\"wpr-grid-media-wrap wpr-effect-size-medium \" data-overlay-link=\"yes\"><div class=\"wpr-grid-image-wrap\" data-src=\"\" data-img-on-hover=\"\"  data-src-secondary=\"\"><img decoding=\"async\" data-no-lazy=\"1\" src=\"\" alt=\"\" class=\"wpr-anim-timing-ease-default\"><\/div><div class=\"wpr-grid-media-hover wpr-animation-wrap\"><div class=\"wpr-grid-media-hover-bg  wpr-overlay-fade-in wpr-anim-size-large wpr-anim-timing-ease-default wpr-anim-transparency\" data-url=\"https:\/\/panamalegalgroup.com\/blog\/migracion\/residenciapermanentedejubiladosenpanama\/\"><\/div><\/div><\/div><div class=\"wpr-grid-item-below-content elementor-clearfix\"><h2 class=\"wpr-grid-item-title elementor-repeater-item-c5ac0e7 wpr-grid-item-display-block wpr-grid-item-align-left wpr-pointer-none wpr-pointer-line-fx wpr-pointer-fx-fade\"><div class=\"inner-block\"><a target=\"_self\"  href=\"https:\/\/panamalegalgroup.com\/blog\/migracion\/residenciapermanentedejubiladosenpanama\/\">Residencia Permanente en Calidad de Jubilados y Pensionados<\/a><\/div><\/h2><div class=\"wpr-grid-item-excerpt elementor-repeater-item-0d2b789 wpr-grid-item-display-block wpr-grid-item-align-left\"><div class=\"inner-block\"><p>\u00a1Respondemos dentro de las 24 horas! Residencia Permanente para Jubilados y Pensionados en Panam\u00e1 Panama Legal Group te acompa\u00f1a paso...<\/p><\/div><\/div><div class=\"wpr-grid-item-read-more elementor-repeater-item-04224ec wpr-grid-item-display-block wpr-grid-item-align-left\"><div class=\"inner-block\"><a target=\"_self\" href=\"https:\/\/panamalegalgroup.com\/blog\/migracion\/residenciapermanentedejubiladosenpanama\/\" class=\"wpr-button-effect wpr-button-none\"><span>Ver M\u00e1s<\/span><\/a><\/div><\/div><\/div><\/div><\/article><article class=\"wpr-grid-item elementor-clearfix post-58 post type-post status-publish format-standard has-post-thumbnail hentry category-migracion\"><div class=\"wpr-grid-item-inner\"><div class=\"wpr-grid-media-wrap wpr-effect-size-medium \" data-overlay-link=\"yes\"><div class=\"wpr-grid-image-wrap\" data-src=\"\" data-img-on-hover=\"\"  data-src-secondary=\"\"><img decoding=\"async\" data-no-lazy=\"1\" src=\"\" alt=\"\" class=\"wpr-anim-timing-ease-default\"><\/div><div class=\"wpr-grid-media-hover wpr-animation-wrap\"><div class=\"wpr-grid-media-hover-bg  wpr-overlay-fade-in wpr-anim-size-large wpr-anim-timing-ease-default wpr-anim-transparency\" data-url=\"https:\/\/panamalegalgroup.com\/blog\/migracion\/friendly-nations-visa-in-panama\/\"><\/div><\/div><\/div><div class=\"wpr-grid-item-below-content elementor-clearfix\"><h2 class=\"wpr-grid-item-title elementor-repeater-item-c5ac0e7 wpr-grid-item-display-block wpr-grid-item-align-left wpr-pointer-none wpr-pointer-line-fx wpr-pointer-fx-fade\"><div class=\"inner-block\"><a target=\"_self\"  href=\"https:\/\/panamalegalgroup.com\/blog\/migracion\/friendly-nations-visa-in-panama\/\">Friendly Nations Permanent Residency in Panama<\/a><\/div><\/h2><div class=\"wpr-grid-item-excerpt elementor-repeater-item-0d2b789 wpr-grid-item-display-block wpr-grid-item-align-left\"><div class=\"inner-block\"><p>We answer within 24 hours! Why Are More and More Foreigners Choosing Panama? Panama has become one of the most...<\/p><\/div><\/div><div class=\"wpr-grid-item-read-more elementor-repeater-item-04224ec wpr-grid-item-display-block wpr-grid-item-align-left\"><div class=\"inner-block\"><a target=\"_self\" href=\"https:\/\/panamalegalgroup.com\/blog\/migracion\/friendly-nations-visa-in-panama\/\" class=\"wpr-button-effect wpr-button-none\"><span>Ver M\u00e1s<\/span><\/a><\/div><\/div><\/div><\/div><\/article><article class=\"wpr-grid-item elementor-clearfix post-52 post type-post status-publish format-standard has-post-thumbnail hentry category-migracion\"><div class=\"wpr-grid-item-inner\"><div class=\"wpr-grid-media-wrap wpr-effect-size-medium \" data-overlay-link=\"yes\"><div class=\"wpr-grid-image-wrap\" data-src=\"\" data-img-on-hover=\"\"  data-src-secondary=\"\"><img decoding=\"async\" data-no-lazy=\"1\" src=\"\" alt=\"\" class=\"wpr-anim-timing-ease-default\"><\/div><div class=\"wpr-grid-media-hover wpr-animation-wrap\"><div class=\"wpr-grid-media-hover-bg  wpr-overlay-fade-in wpr-anim-size-large wpr-anim-timing-ease-default wpr-anim-transparency\" data-url=\"https:\/\/panamalegalgroup.com\/blog\/migracion\/paisesamigospanama\/\"><\/div><\/div><\/div><div class=\"wpr-grid-item-below-content elementor-clearfix\"><h2 class=\"wpr-grid-item-title elementor-repeater-item-c5ac0e7 wpr-grid-item-display-block wpr-grid-item-align-left wpr-pointer-none wpr-pointer-line-fx wpr-pointer-fx-fade\"><div class=\"inner-block\"><a target=\"_self\"  href=\"https:\/\/panamalegalgroup.com\/blog\/migracion\/paisesamigospanama\/\">Visa de Pa\u00edses Amigos<\/a><\/div><\/h2><div class=\"wpr-grid-item-excerpt elementor-repeater-item-0d2b789 wpr-grid-item-display-block wpr-grid-item-align-left\"><div class=\"inner-block\"><p>\u00a1Contestamos dentro de las 24 horas! \u00bfPor qu\u00e9 cada vez m\u00e1s extranjeros eligen Panam\u00e1? Panam\u00e1 es uno de los destinos...<\/p><\/div><\/div><div class=\"wpr-grid-item-read-more elementor-repeater-item-04224ec wpr-grid-item-display-block wpr-grid-item-align-left\"><div class=\"inner-block\"><a target=\"_self\" href=\"https:\/\/panamalegalgroup.com\/blog\/migracion\/paisesamigospanama\/\" class=\"wpr-button-effect wpr-button-none\"><span>Ver M\u00e1s<\/span><\/a><\/div><\/div><\/div><\/div><\/article><article class=\"wpr-grid-item elementor-clearfix post-136 post type-post status-publish format-standard has-post-thumbnail hentry category-migracion\"><div class=\"wpr-grid-item-inner\"><div class=\"wpr-grid-media-wrap wpr-effect-size-medium \" data-overlay-link=\"yes\"><div class=\"wpr-grid-image-wrap\" data-src=\"\" data-img-on-hover=\"\"  data-src-secondary=\"\"><img decoding=\"async\" data-no-lazy=\"1\" src=\"\" alt=\"\" class=\"wpr-anim-timing-ease-default\"><\/div><div class=\"wpr-grid-media-hover wpr-animation-wrap\"><div class=\"wpr-grid-media-hover-bg  wpr-overlay-fade-in wpr-anim-size-large wpr-anim-timing-ease-default wpr-anim-transparency\" data-url=\"https:\/\/panamalegalgroup.com\/blog\/migracion\/como-se-obtiene-cedula-panamena\/\"><\/div><\/div><\/div><div class=\"wpr-grid-item-below-content elementor-clearfix\"><h2 class=\"wpr-grid-item-title elementor-repeater-item-c5ac0e7 wpr-grid-item-display-block wpr-grid-item-align-left wpr-pointer-none wpr-pointer-line-fx wpr-pointer-fx-fade\"><div class=\"inner-block\"><a target=\"_self\"  href=\"https:\/\/panamalegalgroup.com\/blog\/migracion\/como-se-obtiene-cedula-panamena\/\">\u00bfC\u00f3mo se obtiene C\u00e9dula Paname\u00f1a?<\/a><\/div><\/h2><div class=\"wpr-grid-item-excerpt elementor-repeater-item-0d2b789 wpr-grid-item-display-block wpr-grid-item-align-left\"><div class=\"inner-block\"><p>C\u00f3mo obtener la C\u00e9dula Paname\u00f1a: Gu\u00eda Completa para Extranjeros y Residentes Permanentes La c\u00e9dula paname\u00f1a es el documento oficial de...<\/p><\/div><\/div><div class=\"wpr-grid-item-read-more elementor-repeater-item-04224ec wpr-grid-item-display-block wpr-grid-item-align-left\"><div class=\"inner-block\"><a target=\"_self\" href=\"https:\/\/panamalegalgroup.com\/blog\/migracion\/como-se-obtiene-cedula-panamena\/\" class=\"wpr-button-effect wpr-button-none\"><span>Ver M\u00e1s<\/span><\/a><\/div><\/div><\/div><\/div><\/article><article class=\"wpr-grid-item elementor-clearfix post-22744 post type-post status-publish format-standard hentry category-inmuebles-y-propiedades\"><div class=\"wpr-grid-item-inner\"><div class=\"wpr-grid-item-below-content elementor-clearfix\"><h2 class=\"wpr-grid-item-title elementor-repeater-item-c5ac0e7 wpr-grid-item-display-block wpr-grid-item-align-left wpr-pointer-none wpr-pointer-line-fx wpr-pointer-fx-fade\"><div class=\"inner-block\"><a target=\"_self\"  href=\"https:\/\/panamalegalgroup.com\/blog\/inmuebles-y-propiedades\/datos-personales-ph\/\">Gu\u00eda de Protecci\u00f3n de Datos para PH<\/a><\/div><\/h2><div class=\"wpr-grid-item-excerpt elementor-repeater-item-0d2b789 wpr-grid-item-display-block wpr-grid-item-align-left\"><div class=\"inner-block\"><p>Manejo de Datos Personales en un Edificio o R\u00e9gimen de PH Actualmente, muchos edificios o barriadas con r\u00e9gimen de PH...<\/p><\/div><\/div><div class=\"wpr-grid-item-read-more elementor-repeater-item-04224ec wpr-grid-item-display-block wpr-grid-item-align-left\"><div class=\"inner-block\"><a target=\"_self\" href=\"https:\/\/panamalegalgroup.com\/blog\/inmuebles-y-propiedades\/datos-personales-ph\/\" class=\"wpr-button-effect wpr-button-none\"><span>Ver M\u00e1s<\/span><\/a><\/div><\/div><\/div><\/div><\/article><article class=\"wpr-grid-item elementor-clearfix post-22726 post type-post status-publish format-standard has-post-thumbnail hentry category-inmuebles-y-propiedades\"><div class=\"wpr-grid-item-inner\"><div class=\"wpr-grid-media-wrap wpr-effect-size-medium \" data-overlay-link=\"yes\"><div class=\"wpr-grid-image-wrap\" data-src=\"https:\/\/panamalegalgroup.com\/blog\/wp-content\/uploads\/2023\/07\/Compra-de-Propiedad-en-Panama.jpg\" data-img-on-hover=\"\"  data-src-secondary=\"\"><img decoding=\"async\" data-no-lazy=\"1\" src=\"https:\/\/panamalegalgroup.com\/blog\/wp-content\/uploads\/2023\/07\/Compra-de-Propiedad-en-Panama.jpg\" alt=\"Compra de Propiedad en Panam\u00e1\" class=\"wpr-anim-timing-ease-default\"><\/div><div class=\"wpr-grid-media-hover wpr-animation-wrap\"><div class=\"wpr-grid-media-hover-bg  wpr-overlay-fade-in wpr-anim-size-large wpr-anim-timing-ease-default wpr-anim-transparency\" data-url=\"https:\/\/panamalegalgroup.com\/blog\/inmuebles-y-propiedades\/compra-propiedad-en-panama\/\"><\/div><\/div><\/div><div class=\"wpr-grid-item-below-content elementor-clearfix\"><h2 class=\"wpr-grid-item-title elementor-repeater-item-c5ac0e7 wpr-grid-item-display-block wpr-grid-item-align-left wpr-pointer-none wpr-pointer-line-fx wpr-pointer-fx-fade\"><div class=\"inner-block\"><a target=\"_self\"  href=\"https:\/\/panamalegalgroup.com\/blog\/inmuebles-y-propiedades\/compra-propiedad-en-panama\/\">Compra de Propiedad en Panam\u00e1<\/a><\/div><\/h2><div class=\"wpr-grid-item-excerpt elementor-repeater-item-0d2b789 wpr-grid-item-display-block wpr-grid-item-align-left\"><div class=\"inner-block\"><p>Proceso de Compra de una Propiedad \u00bfSabes cu\u00e1les son los pasos al momento de comprar o vender una propiedad? Es...<\/p><\/div><\/div><div class=\"wpr-grid-item-read-more elementor-repeater-item-04224ec wpr-grid-item-display-block wpr-grid-item-align-left\"><div class=\"inner-block\"><a target=\"_self\" href=\"https:\/\/panamalegalgroup.com\/blog\/inmuebles-y-propiedades\/compra-propiedad-en-panama\/\" class=\"wpr-button-effect wpr-button-none\"><span>Ver M\u00e1s<\/span><\/a><\/div><\/div><\/div><\/div><\/article><\/section><div class=\"wpr-grid-pagination elementor-clearfix wpr-grid-pagination-load-more\" data-pages=\"6\"><a href=\"https:\/\/panamalegalgroup.com\/blog\/wp-json\/wp\/v2\/pages\/22607\/page\/2\/\" class=\"wpr-load-more-btn\" data-e-disable-page-transition >Leer m\u00e1s<\/a><div class=\"wpr-pagination-loading\"><div class=\"wpr-double-bounce\"><div class=\"wpr-child wpr-double-bounce1\"><\/div><div class=\"wpr-child wpr-double-bounce2\"><\/div><\/div><\/div><p class=\"wpr-pagination-finish\">Final de contenido<\/p><\/div>\t\t\t\t<\/div>\n\t\t\t\t<\/div>\n\t\t\t\t\t<\/div>\n\t\t<\/div>\n\t\t\t\t\t<\/div>\n\t\t<\/section>\n\t\t\t\t<\/div>\n\t\t","protected":false},"excerpt":{"rendered":"<p>Search Search Todas las Noticias COMERCIO Y EMPRESAS Derecho de Familia INMUEBLES Y PROPIEDADES LABORAL MIGRACI\u00d3N TECNOLOG\u00cdA Documentos que necesita un menor para salir del pa\u00eds Viajar fuera de Panam\u00e1 con un menor de edad requiere cumplir con una serie de requisitos legales dise\u00f1ados para garantizar&#8230; Ver M\u00e1s Autorizaci\u00f3n de Salida de Menores en Panam\u00e1 \u00bfNecesitas una autorizaci\u00f3n de salida de menores al extranjero? \ud83d\udcf2 Haz tu solicitud hoy mismo EN L\u00cdNEA: LEGIX &#8211; Solicitar&#8230; Ver M\u00e1s Residencia Permanente de Pa\u00edses Amigos \u00bfPor qu\u00e9 cada vez m\u00e1s extranjeros eligen Panam\u00e1? Panam\u00e1 es uno de los destinos m\u00e1s buscados por extranjeros que desean&#8230; Ver M\u00e1s Gu\u00eda de Protecci\u00f3n de Datos para PH Manejo de Datos Personales en un Edificio o R\u00e9gimen de PH Actualmente, muchos edificios o barriadas con r\u00e9gimen de PH&#8230; Ver M\u00e1s Compra de Propiedad en Panam\u00e1 Proceso de Compra de una Propiedad \u00bfSabes cu\u00e1les son los pasos al momento de comprar o vender una propiedad? Es&#8230; Ver M\u00e1s Validez Legal de los NFT \u00bfTienen valor legal los NFT en Panam\u00e1? Los NFT (tokens no fungibles) han tomado por sorpresa al mundo del arte&#8230; Ver M\u00e1s Regulaci\u00f3n Cripto en Panam\u00e1 y Recomendaciones Regulaci\u00f3n de Criptoactivos y Criptomonedas en Panam\u00e1 \u00bfExiste una Ley de Criptoactivos o Criptomonedas en Panam\u00e1? En los \u00faltimos a\u00f1os,&#8230; Ver M\u00e1s 5 Estafas Comunes en Cripto Las criptomonedas han ganado popularidad en los \u00faltimos a\u00f1os, pero tambi\u00e9n han sido objeto de numerosas estafas. Los estafadores utilizan&#8230; Ver M\u00e1s \u00bfQu\u00e9 es phishing? 7 Consejos para Evitarlo En la era digital, el phishing se ha convertido en una de las formas m\u00e1s comunes de estafa en l\u00ednea&#8230;. Ver M\u00e1s Leer m\u00e1s Final de contenido<\/p>\n","protected":false},"author":1,"featured_media":0,"parent":0,"menu_order":0,"comment_status":"closed","ping_status":"closed","template":"","meta":{"om_disable_all_campaigns":false,"_monsterinsights_skip_tracking":false,"_monsterinsights_sitenote_active":false,"_monsterinsights_sitenote_note":"","_monsterinsights_sitenote_category":0,"footnotes":""},"class_list":["post-22607","page","type-page","status-publish","hentry"],"aioseo_notices":[],"jetpack_sharing_enabled":true,"_links":{"self":[{"href":"https:\/\/panamalegalgroup.com\/blog\/wp-json\/wp\/v2\/pages\/22607","targetHints":{"allow":["GET"]}}],"collection":[{"href":"https:\/\/panamalegalgroup.com\/blog\/wp-json\/wp\/v2\/pages"}],"about":[{"href":"https:\/\/panamalegalgroup.com\/blog\/wp-json\/wp\/v2\/types\/page"}],"author":[{"embeddable":true,"href":"https:\/\/panamalegalgroup.com\/blog\/wp-json\/wp\/v2\/users\/1"}],"replies":[{"embeddable":true,"href":"https:\/\/panamalegalgroup.com\/blog\/wp-json\/wp\/v2\/comments?post=22607"}],"version-history":[{"count":113,"href":"https:\/\/panamalegalgroup.com\/blog\/wp-json\/wp\/v2\/pages\/22607\/revisions"}],"predecessor-version":[{"id":23119,"href":"https:\/\/panamalegalgroup.com\/blog\/wp-json\/wp\/v2\/pages\/22607\/revisions\/23119"}],"wp:attachment":[{"href":"https:\/\/panamalegalgroup.com\/blog\/wp-json\/wp\/v2\/media?parent=22607"}],"curies":[{"name":"wp","href":"https:\/\/api.w.org\/{rel}","templated":true}]}}